{"id":13385,"date":"2023-09-04T10:16:50","date_gmt":"2023-09-04T10:16:50","guid":{"rendered":"https:\/\/interel-trading.eu\/downloads-hospitality\/"},"modified":"2025-01-14T13:57:52","modified_gmt":"2025-01-14T13:57:52","slug":"downloads-hospitality","status":"publish","type":"page","link":"https:\/\/interel-trading.eu\/de\/downloads-hospitality\/","title":{"rendered":"DOWNLOADS &#8211; HOSPITALITY"},"content":{"rendered":"\t\t<div data-elementor-type=\"wp-page\" data-elementor-id=\"13385\" class=\"elementor elementor-13385 elementor-2757\" data-elementor-post-type=\"page\">\n\t\t\t\t\t\t<section class=\"elementor-section elementor-top-section elementor-element elementor-element-d8adefa elementor-section-full_width no-spacing elementor-hidden-tablet elementor-hidden-mobile elementor-section-height-default elementor-section-height-default\" data-id=\"d8adefa\" data-element_type=\"section\" data-e-type=\"section\">\n\t\t\t\t\t\t<div class=\"elementor-container elementor-column-gap-default\">\n\t\t\t\t\t<div class=\"elementor-column elementor-col-25 elementor-top-column elementor-element elementor-element-575a79c\" data-id=\"575a79c\" data-element_type=\"column\" data-e-type=\"column\" data-settings=\"{&quot;background_background&quot;:&quot;classic&quot;}\">\n\t\t\t<div class=\"elementor-widget-wrap elementor-element-populated\">\n\t\t\t\t\t\t<div class=\"elementor-element elementor-element-36bc737 elementor-align-center elementor-icon-list--layout-traditional elementor-list-item-link-full_width elementor-widget elementor-widget-icon-list\" data-id=\"36bc737\" data-element_type=\"widget\" data-e-type=\"widget\" data-widget_type=\"icon-list.default\">\n\t\t\t\t<div class=\"elementor-widget-container\">\n\t\t\t\t\t\t\t<ul class=\"elementor-icon-list-items\">\n\t\t\t\t\t\t\t<li class=\"elementor-icon-list-item\">\n\t\t\t\t\t\t\t\t\t\t\t<a href=\"https:\/\/interel-trading.eu\/azienda\/\">\n\n\t\t\t\t\t\t\t\t\t\t\t<span class=\"elementor-icon-list-text\">BEDRIJF<\/span>\n\t\t\t\t\t\t\t\t\t\t\t<\/a>\n\t\t\t\t\t\t\t\t\t<\/li>\n\t\t\t\t\t\t<\/ul>\n\t\t\t\t\t\t<\/div>\n\t\t\t\t<\/div>\n\t\t\t\t\t<\/div>\n\t\t<\/div>\n\t\t\t\t<div class=\"elementor-column elementor-col-25 elementor-top-column elementor-element elementor-element-e562670\" data-id=\"e562670\" data-element_type=\"column\" data-e-type=\"column\" data-settings=\"{&quot;background_background&quot;:&quot;classic&quot;}\">\n\t\t\t<div class=\"elementor-widget-wrap elementor-element-populated\">\n\t\t\t\t\t\t<div class=\"elementor-element elementor-element-1328e58 elementor-align-center elementor-icon-list--layout-traditional elementor-list-item-link-full_width elementor-widget elementor-widget-icon-list\" data-id=\"1328e58\" data-element_type=\"widget\" data-e-type=\"widget\" data-widget_type=\"icon-list.default\">\n\t\t\t\t<div class=\"elementor-widget-container\">\n\t\t\t\t\t\t\t<ul class=\"elementor-icon-list-items\">\n\t\t\t\t\t\t\t<li class=\"elementor-icon-list-item\">\n\t\t\t\t\t\t\t\t\t\t\t<a href=\"https:\/\/interel-trading.eu\/industry-automation\/\">\n\n\t\t\t\t\t\t\t\t\t\t\t<span class=\"elementor-icon-list-text\">INDUSTRY AUTOMATION<\/span>\n\t\t\t\t\t\t\t\t\t\t\t<\/a>\n\t\t\t\t\t\t\t\t\t<\/li>\n\t\t\t\t\t\t<\/ul>\n\t\t\t\t\t\t<\/div>\n\t\t\t\t<\/div>\n\t\t\t\t\t<\/div>\n\t\t<\/div>\n\t\t\t\t<div class=\"elementor-column elementor-col-25 elementor-top-column elementor-element elementor-element-e7bb0a2\" data-id=\"e7bb0a2\" data-element_type=\"column\" data-e-type=\"column\" data-settings=\"{&quot;background_background&quot;:&quot;classic&quot;}\">\n\t\t\t<div class=\"elementor-widget-wrap elementor-element-populated\">\n\t\t\t\t\t<div class=\"elementor-background-overlay\"><\/div>\n\t\t\t\t\t\t<div class=\"elementor-element elementor-element-29b56bb elementor-align-center elementor-icon-list--layout-traditional elementor-list-item-link-full_width elementor-widget elementor-widget-icon-list\" data-id=\"29b56bb\" data-element_type=\"widget\" data-e-type=\"widget\" data-widget_type=\"icon-list.default\">\n\t\t\t\t<div class=\"elementor-widget-container\">\n\t\t\t\t\t\t\t<ul class=\"elementor-icon-list-items\">\n\t\t\t\t\t\t\t<li class=\"elementor-icon-list-item\">\n\t\t\t\t\t\t\t\t\t\t\t<a href=\"https:\/\/interel-trading.eu\/building-automation\/\">\n\n\t\t\t\t\t\t\t\t\t\t\t<span class=\"elementor-icon-list-text\">BUILDING AUTOMATION<\/span>\n\t\t\t\t\t\t\t\t\t\t\t<\/a>\n\t\t\t\t\t\t\t\t\t<\/li>\n\t\t\t\t\t\t<\/ul>\n\t\t\t\t\t\t<\/div>\n\t\t\t\t<\/div>\n\t\t\t\t\t<\/div>\n\t\t<\/div>\n\t\t\t\t<div class=\"elementor-column elementor-col-25 elementor-top-column elementor-element elementor-element-56a0433\" data-id=\"56a0433\" data-element_type=\"column\" data-e-type=\"column\" data-settings=\"{&quot;background_background&quot;:&quot;classic&quot;}\">\n\t\t\t<div class=\"elementor-widget-wrap elementor-element-populated\">\n\t\t\t\t\t\t<div class=\"elementor-element elementor-element-a6b9e1b elementor-align-center elementor-icon-list--layout-traditional elementor-list-item-link-full_width elementor-widget elementor-widget-icon-list\" data-id=\"a6b9e1b\" data-element_type=\"widget\" data-e-type=\"widget\" data-widget_type=\"icon-list.default\">\n\t\t\t\t<div class=\"elementor-widget-container\">\n\t\t\t\t\t\t\t<ul class=\"elementor-icon-list-items\">\n\t\t\t\t\t\t\t<li class=\"elementor-icon-list-item\">\n\t\t\t\t\t\t\t\t\t\t\t<a href=\"https:\/\/interel-trading.eu\/hospitality\/\">\n\n\t\t\t\t\t\t\t\t\t\t\t<span class=\"elementor-icon-list-text\">HOSPITALITY<\/span>\n\t\t\t\t\t\t\t\t\t\t\t<\/a>\n\t\t\t\t\t\t\t\t\t<\/li>\n\t\t\t\t\t\t<\/ul>\n\t\t\t\t\t\t<\/div>\n\t\t\t\t<\/div>\n\t\t\t\t\t<\/div>\n\t\t<\/div>\n\t\t\t\t\t<\/div>\n\t\t<\/section>\n\t\t\t\t<section class=\"elementor-section elementor-top-section elementor-element elementor-element-7c00a9da downloads elementor-section-boxed elementor-section-height-default elementor-section-height-default\" data-id=\"7c00a9da\" data-element_type=\"section\" data-e-type=\"section\">\n\t\t\t\t\t\t<div class=\"elementor-container elementor-column-gap-default\">\n\t\t\t\t\t<div class=\"elementor-column elementor-col-50 elementor-top-column elementor-element elementor-element-4f1a86db elementor-invisible\" data-id=\"4f1a86db\" data-element_type=\"column\" data-e-type=\"column\" data-settings=\"{&quot;animation&quot;:&quot;fadeIn&quot;}\">\n\t\t\t<div class=\"elementor-widget-wrap elementor-element-populated\">\n\t\t\t\t\t\t<div class=\"elementor-element elementor-element-5f5cb7e elementor-widget elementor-widget-heading\" data-id=\"5f5cb7e\" data-element_type=\"widget\" data-e-type=\"widget\" data-widget_type=\"heading.default\">\n\t\t\t\t<div class=\"elementor-widget-container\">\n\t\t\t\t\t<h2 class=\"elementor-heading-title elementor-size-default\">Downloads<\/h2>\t\t\t\t<\/div>\n\t\t\t\t<\/div>\n\t\t\t\t<div class=\"elementor-element elementor-element-e207b1b elementor-widget elementor-widget-text-editor\" data-id=\"e207b1b\" data-element_type=\"widget\" data-e-type=\"widget\" data-widget_type=\"text-editor.default\">\n\t\t\t\t<div class=\"elementor-widget-container\">\n\t\t\t\t\t\t\t\t\t<p>Technisches Material<\/p>\n\t\t\t\t\t\t\t\t<\/div>\n\t\t\t\t<\/div>\n\t\t\t\t<div class=\"elementor-element elementor-element-52b929c7 elementor-widget elementor-widget-text-editor\" data-id=\"52b929c7\" data-element_type=\"widget\" data-e-type=\"widget\" data-widget_type=\"text-editor.default\">\n\t\t\t\t<div class=\"elementor-widget-container\">\n\t\t\t\t\t\t\t\t\t<p>Sie k\u00f6nnen hier technische Datenbl\u00e4tter, Handb\u00fccher und Produktkataloge herunterladen.<\/p>\n\t\t\t\t\t\t\t\t<\/div>\n\t\t\t\t<\/div>\n\t\t\t\t<div class=\"elementor-element elementor-element-361da56 elementor-widget elementor-widget-heading\" data-id=\"361da56\" data-element_type=\"widget\" data-e-type=\"widget\" data-widget_type=\"heading.default\">\n\t\t\t\t<div class=\"elementor-widget-container\">\n\t\t\t\t\t<h2 class=\"elementor-heading-title elementor-size-default\">Hospitality<\/h2>\t\t\t\t<\/div>\n\t\t\t\t<\/div>\n\t\t\t\t<div class=\"elementor-element elementor-element-ce039cb elementor-widget elementor-widget-menu-anchor\" data-id=\"ce039cb\" data-element_type=\"widget\" data-e-type=\"widget\" data-widget_type=\"menu-anchor.default\">\n\t\t\t\t<div class=\"elementor-widget-container\">\n\t\t\t\t\t\t\t<div class=\"elementor-menu-anchor\" id=\"hospitality\"><\/div>\n\t\t\t\t\t\t<\/div>\n\t\t\t\t<\/div>\n\t\t\t\t<div class=\"elementor-element elementor-element-0a14ad6 elementor-icon-list--layout-traditional elementor-list-item-link-full_width elementor-widget elementor-widget-icon-list\" data-id=\"0a14ad6\" data-element_type=\"widget\" data-e-type=\"widget\" data-widget_type=\"icon-list.default\">\n\t\t\t\t<div class=\"elementor-widget-container\">\n\t\t\t\t\t\t\t<ul class=\"elementor-icon-list-items\">\n\t\t\t\t\t\t\t<li class=\"elementor-icon-list-item\">\n\t\t\t\t\t\t\t\t\t\t<span class=\"elementor-icon-list-text\">Hotel and Residence Automation<\/span>\n\t\t\t\t\t\t\t\t\t<\/li>\n\t\t\t\t\t\t<\/ul>\n\t\t\t\t\t\t<\/div>\n\t\t\t\t<\/div>\n\t\t\t\t<div class=\"elementor-element elementor-element-2a0b1e9 elementor-widget elementor-widget-toggle\" data-id=\"2a0b1e9\" data-element_type=\"widget\" data-e-type=\"widget\" data-widget_type=\"toggle.default\">\n\t\t\t\t<div class=\"elementor-widget-container\">\n\t\t\t\t\t\t\t<div class=\"elementor-toggle\">\n\t\t\t\t\t\t\t<div class=\"elementor-toggle-item\">\n\t\t\t\t\t<div id=\"elementor-tab-title-4401\" class=\"elementor-tab-title\" data-tab=\"1\" role=\"button\" aria-controls=\"elementor-tab-content-4401\" aria-expanded=\"false\">\n\t\t\t\t\t\t\t\t\t\t\t\t<span class=\"elementor-toggle-icon elementor-toggle-icon-left\" aria-hidden=\"true\">\n\t\t\t\t\t\t\t\t\t\t\t\t\t\t\t<span class=\"elementor-toggle-icon-closed\"><i class=\"fas fa-angle-down\"><\/i><\/span>\n\t\t\t\t\t\t\t\t<span class=\"elementor-toggle-icon-opened\"><i class=\"elementor-toggle-icon-opened fas fa-angle-up\"><\/i><\/span>\n\t\t\t\t\t\t\t\t\t\t\t\t\t<\/span>\n\t\t\t\t\t\t\t\t\t\t\t\t<a class=\"elementor-toggle-title\" tabindex=\"0\">Brochure Hotel and Residence Automation<\/a>\n\t\t\t\t\t<\/div>\n\n\t\t\t\t\t<div id=\"elementor-tab-content-4401\" class=\"elementor-tab-content elementor-clearfix\" data-tab=\"1\" role=\"region\" aria-labelledby=\"elementor-tab-title-4401\"><p>\u2794 <a href=\"https:\/\/interel-trading.eu\/wp-content\/uploads\/2025\/01\/Hotel-and-Residence-Automation-2022_DE_WEB.pdf\" target=\"_blank\" rel=\"noopener\">Brochure Hotel and Residence Automation<\/a><\/p><\/div>\n\t\t\t\t<\/div>\n\t\t\t\t\t\t\t<div class=\"elementor-toggle-item\">\n\t\t\t\t\t<div id=\"elementor-tab-title-4402\" class=\"elementor-tab-title\" data-tab=\"2\" role=\"button\" aria-controls=\"elementor-tab-content-4402\" aria-expanded=\"false\">\n\t\t\t\t\t\t\t\t\t\t\t\t<span class=\"elementor-toggle-icon elementor-toggle-icon-left\" aria-hidden=\"true\">\n\t\t\t\t\t\t\t\t\t\t\t\t\t\t\t<span class=\"elementor-toggle-icon-closed\"><i class=\"fas fa-angle-down\"><\/i><\/span>\n\t\t\t\t\t\t\t\t<span class=\"elementor-toggle-icon-opened\"><i class=\"elementor-toggle-icon-opened fas fa-angle-up\"><\/i><\/span>\n\t\t\t\t\t\t\t\t\t\t\t\t\t<\/span>\n\t\t\t\t\t\t\t\t\t\t\t\t<a class=\"elementor-toggle-title\" tabindex=\"0\">Restyle-Installationen<\/a>\n\t\t\t\t\t<\/div>\n\n\t\t\t\t\t<div id=\"elementor-tab-content-4402\" class=\"elementor-tab-content elementor-clearfix\" data-tab=\"2\" role=\"region\" aria-labelledby=\"elementor-tab-title-4402\"><p>\u2794 <a class=\"active\" role=\"tab\" href=\"http:\/\/www.interel-trading.eu\/media\/Top%20Hotel%20Web%20Upgrade\/index.html\" aria-expanded=\"false\" aria-selected=\"false\" aria-controls=\"a103e45a843c8aaab\" data-toggle=\"collapse\" data-parent=\"#accordion-14159-6\" data-target=\"#a103e45a843c8aaab\"><span class=\"fusion-toggle-heading\">Restyle-Installationen<\/span><\/a><\/p><\/div>\n\t\t\t\t<\/div>\n\t\t\t\t\t\t\t<div class=\"elementor-toggle-item\">\n\t\t\t\t\t<div id=\"elementor-tab-title-4403\" class=\"elementor-tab-title\" data-tab=\"3\" role=\"button\" aria-controls=\"elementor-tab-content-4403\" aria-expanded=\"false\">\n\t\t\t\t\t\t\t\t\t\t\t\t<span class=\"elementor-toggle-icon elementor-toggle-icon-left\" aria-hidden=\"true\">\n\t\t\t\t\t\t\t\t\t\t\t\t\t\t\t<span class=\"elementor-toggle-icon-closed\"><i class=\"fas fa-angle-down\"><\/i><\/span>\n\t\t\t\t\t\t\t\t<span class=\"elementor-toggle-icon-opened\"><i class=\"elementor-toggle-icon-opened fas fa-angle-up\"><\/i><\/span>\n\t\t\t\t\t\t\t\t\t\t\t\t\t<\/span>\n\t\t\t\t\t\t\t\t\t\t\t\t<a class=\"elementor-toggle-title\" tabindex=\"0\">EOS<\/a>\n\t\t\t\t\t<\/div>\n\n\t\t\t\t\t<div id=\"elementor-tab-content-4403\" class=\"elementor-tab-content elementor-clearfix\" data-tab=\"3\" role=\"region\" aria-labelledby=\"elementor-tab-title-4403\"><p>\u2794 <a href=\"http:\/\/www.interel-trading.eu\/media\/EOS%20Brochure%20de\/index.html\" target=\"_blank\" rel=\"noopener\">Brochure EOS<\/a><\/p>\n<p>\u2794 <a href=\"https:\/\/interel-trading.eu\/wp-content\/uploads\/2024\/02\/EOS-Elektrische-Verbindungen.pdf\" target=\"_blank\" rel=\"noopener\">Elektrische Verbindungen<\/a><\/p><\/div>\n\t\t\t\t<\/div>\n\t\t\t\t\t\t\t\t<\/div>\n\t\t\t\t\t\t<\/div>\n\t\t\t\t<\/div>\n\t\t\t\t\t<\/div>\n\t\t<\/div>\n\t\t\t\t<div class=\"elementor-column elementor-col-50 elementor-top-column elementor-element elementor-element-de254fa elementor-invisible\" data-id=\"de254fa\" data-element_type=\"column\" data-e-type=\"column\" data-settings=\"{&quot;animation&quot;:&quot;fadeInLeft&quot;}\">\n\t\t\t<div class=\"elementor-widget-wrap elementor-element-populated\">\n\t\t\t\t\t\t<div class=\"elementor-element elementor-element-44abceb elementor-widget elementor-widget-heading\" data-id=\"44abceb\" data-element_type=\"widget\" data-e-type=\"widget\" data-widget_type=\"heading.default\">\n\t\t\t\t<div class=\"elementor-widget-container\">\n\t\t\t\t\t<h2 class=\"elementor-heading-title elementor-size-default\">Redaktionelle Artikel<\/h2>\t\t\t\t<\/div>\n\t\t\t\t<\/div>\n\t\t\t\t<div class=\"elementor-element elementor-element-69f723e elementor-widget elementor-widget-text-editor\" data-id=\"69f723e\" data-element_type=\"widget\" data-e-type=\"widget\" data-widget_type=\"text-editor.default\">\n\t\t\t\t<div class=\"elementor-widget-container\">\n\t\t\t\t\t\t\t\t\t<p>Produkte und Neuigkeiten aus der Welt der HOSPITALITY<\/p>\n\t\t\t\t\t\t\t\t<\/div>\n\t\t\t\t<\/div>\n\t\t\t\t<div class=\"elementor-element elementor-element-6594ee9 elementor-widget elementor-widget-text-editor\" data-id=\"6594ee9\" data-element_type=\"widget\" data-e-type=\"widget\" data-widget_type=\"text-editor.default\">\n\t\t\t\t<div class=\"elementor-widget-container\">\n\t\t\t\t\t\t\t\t\t<p>Hier finden Sie eine Auswahl an redaktionellen Artikeln und Erfahrungsberichten \u00fcber Produkte unserer Hauptlieferanten und Neuigkeiten aus dem Bereich der Geb\u00e4udeautomation.<\/p>\n\t\t\t\t\t\t\t\t<\/div>\n\t\t\t\t<\/div>\n\t\t\t\t<div class=\"elementor-element elementor-element-dce3bba elementor-grid-1 elementor-grid-tablet-2 elementor-grid-mobile-1 elementor-posts--thumbnail-top elementor-widget elementor-widget-posts\" data-id=\"dce3bba\" data-element_type=\"widget\" data-e-type=\"widget\" data-settings=\"{&quot;pagination_type&quot;:&quot;numbers&quot;,&quot;classic_row_gap&quot;:{&quot;unit&quot;:&quot;px&quot;,&quot;size&quot;:58,&quot;sizes&quot;:[]},&quot;classic_columns&quot;:&quot;1&quot;,&quot;classic_columns_tablet&quot;:&quot;2&quot;,&quot;classic_columns_mobile&quot;:&quot;1&quot;,&quot;classic_row_gap_tablet&quot;:{&quot;unit&quot;:&quot;px&quot;,&quot;size&quot;:&quot;&quot;,&quot;sizes&quot;:[]},&quot;classic_row_gap_mobile&quot;:{&quot;unit&quot;:&quot;px&quot;,&quot;size&quot;:&quot;&quot;,&quot;sizes&quot;:[]}}\" data-widget_type=\"posts.classic\">\n\t\t\t\t<div class=\"elementor-widget-container\">\n\t\t\t\t\t\t\t<div class=\"elementor-posts-container elementor-posts elementor-posts--skin-classic elementor-grid\" role=\"list\">\n\t\t\t\t<article class=\"elementor-post elementor-grid-item post-13612 post type-post status-publish format-standard has-post-thumbnail hentry category-unkategorisiert\" role=\"listitem\">\n\t\t\t\t<a class=\"elementor-post__thumbnail__link\" href=\"https:\/\/interel-trading.eu\/de\/flexibel-und-dynamisch\/\" tabindex=\"-1\" >\n\t\t\t<div class=\"elementor-post__thumbnail\"><img fetchpriority=\"high\" decoding=\"async\" width=\"1500\" height=\"700\" src=\"https:\/\/interel-trading.eu\/wp-content\/uploads\/2023\/02\/flessibili-dinamici.jpg\" class=\"elementor-animation-grow attachment-1536x1536 size-1536x1536 wp-image-13177\" alt=\"\" srcset=\"https:\/\/interel-trading.eu\/wp-content\/uploads\/2023\/02\/flessibili-dinamici.jpg 1500w, https:\/\/interel-trading.eu\/wp-content\/uploads\/2023\/02\/flessibili-dinamici-300x140.jpg 300w, https:\/\/interel-trading.eu\/wp-content\/uploads\/2023\/02\/flessibili-dinamici-1024x478.jpg 1024w, https:\/\/interel-trading.eu\/wp-content\/uploads\/2023\/02\/flessibili-dinamici-768x358.jpg 768w\" sizes=\"(max-width: 1500px) 100vw, 1500px\" \/><\/div>\n\t\t<\/a>\n\t\t\t\t<div class=\"elementor-post__text\">\n\t\t\t\t<h3 class=\"elementor-post__title\">\n\t\t\t<a href=\"https:\/\/interel-trading.eu\/de\/flexibel-und-dynamisch\/\" >\n\t\t\t\tFlexibel und dynamisch\t\t\t<\/a>\n\t\t<\/h3>\n\t\t\t\t<div class=\"elementor-post__excerpt\">\n\t\t\t<p>INTEREL Trading ist in den Bereichen Industrie und Geb\u00e4udeautomation t\u00e4tig und unterst\u00fctzt seine Kunden in allen Belangen: von der Produktauswahl<\/p>\n\t\t<\/div>\n\t\t\n\t\t<a class=\"elementor-post__read-more\" href=\"https:\/\/interel-trading.eu\/de\/flexibel-und-dynamisch\/\" aria-label=\"Mehr \u00fcber Flexibel und dynamisch\" tabindex=\"-1\" >\n\t\t\tDen Artikel lesen\t\t<\/a>\n\n\t\t\t\t<\/div>\n\t\t\t\t<\/article>\n\t\t\t\t<\/div>\n\t\t\n\t\t\t\t\t\t<\/div>\n\t\t\t\t<\/div>\n\t\t\t\t<div class=\"elementor-element elementor-element-9ca7b44 elementor-widget-divider--view-line elementor-widget elementor-widget-divider\" data-id=\"9ca7b44\" data-element_type=\"widget\" data-e-type=\"widget\" data-widget_type=\"divider.default\">\n\t\t\t\t<div class=\"elementor-widget-container\">\n\t\t\t\t\t\t\t<div class=\"elementor-divider\">\n\t\t\t<span class=\"elementor-divider-separator\">\n\t\t\t\t\t\t<\/span>\n\t\t<\/div>\n\t\t\t\t\t\t<\/div>\n\t\t\t\t<\/div>\n\t\t\t\t\t<\/div>\n\t\t<\/div>\n\t\t\t\t\t<\/div>\n\t\t<\/section>\n\t\t\t\t<\/div>\n\t\t","protected":false},"excerpt":{"rendered":"<p>BEDRIJF INDUSTRY AUTOMATION BUILDING AUTOMATION HOSPITALITY Downloads Technisches Material Sie k\u00f6nnen hier technische Datenbl\u00e4tter, Handb\u00fccher und Produktkataloge herunterladen. Hospitality Hotel and Residence Automation Brochure Hotel and Residence Automation \u2794 Brochure Hotel and Residence Automation Restyle-Installationen \u2794 Restyle-Installationen EOS \u2794 Brochure EOS \u2794 Elektrische Verbindungen Redaktionelle Artikel Produkte und Neuigkeiten aus der Welt der HOSPITALITY Hier [&hellip;]<\/p>\n","protected":false},"author":1,"featured_media":0,"parent":0,"menu_order":0,"comment_status":"closed","ping_status":"closed","template":"","meta":{"footnotes":""},"class_list":["post-13385","page","type-page","status-publish","hentry"],"yoast_head":"<!-- This site is optimized with the Yoast SEO plugin v27.2 - https:\/\/yoast.com\/product\/yoast-seo-wordpress\/ -->\n<title>DOWNLOADS - HOSPITALITY - INTEREL TRADING<\/title>\n<meta name=\"robots\" content=\"index, follow, max-snippet:-1, max-image-preview:large, max-video-preview:-1\" \/>\n<link rel=\"canonical\" href=\"https:\/\/interel-trading.eu\/downloads-hospitality\/\" \/>\n<meta property=\"og:locale\" content=\"de_DE\" \/>\n<meta property=\"og:type\" content=\"article\" \/>\n<meta property=\"og:title\" content=\"DOWNLOADS - HOSPITALITY - INTEREL TRADING\" \/>\n<meta property=\"og:description\" content=\"BEDRIJF INDUSTRY AUTOMATION BUILDING AUTOMATION HOSPITALITY Downloads Technisches Material Sie k\u00f6nnen hier technische Datenbl\u00e4tter, Handb\u00fccher und Produktkataloge herunterladen. Hospitality Hotel and Residence Automation Brochure Hotel and Residence Automation \u2794 Brochure Hotel and Residence Automation Restyle-Installationen \u2794 Restyle-Installationen EOS \u2794 Brochure EOS \u2794 Elektrische Verbindungen Redaktionelle Artikel Produkte und Neuigkeiten aus der Welt der HOSPITALITY Hier [&hellip;]\" \/>\n<meta property=\"og:url\" content=\"https:\/\/interel-trading.eu\/downloads-hospitality\/\" \/>\n<meta property=\"og:site_name\" content=\"INTEREL TRADING\" \/>\n<meta property=\"article:modified_time\" content=\"2025-01-14T13:57:52+00:00\" \/>\n<meta name=\"twitter:card\" content=\"summary_large_image\" \/>\n<meta name=\"twitter:label1\" content=\"Gesch\u00e4tzte Lesezeit\" \/>\n\t<meta name=\"twitter:data1\" content=\"3\u00a0Minuten\" \/>\n<script type=\"application\/ld+json\" class=\"yoast-schema-graph\">{\"@context\":\"https:\/\/schema.org\",\"@graph\":[{\"@type\":\"WebPage\",\"@id\":\"https:\/\/interel-trading.eu\/downloads-hospitality\/\",\"url\":\"https:\/\/interel-trading.eu\/downloads-hospitality\/\",\"name\":\"DOWNLOADS - HOSPITALITY - INTEREL TRADING\",\"isPartOf\":{\"@id\":\"https:\/\/interel-trading.eu\/#website\"},\"datePublished\":\"2023-09-04T10:16:50+00:00\",\"dateModified\":\"2025-01-14T13:57:52+00:00\",\"breadcrumb\":{\"@id\":\"https:\/\/interel-trading.eu\/downloads-hospitality\/#breadcrumb\"},\"inLanguage\":\"de\",\"potentialAction\":[{\"@type\":\"ReadAction\",\"target\":[\"https:\/\/interel-trading.eu\/downloads-hospitality\/\"]}]},{\"@type\":\"BreadcrumbList\",\"@id\":\"https:\/\/interel-trading.eu\/downloads-hospitality\/#breadcrumb\",\"itemListElement\":[{\"@type\":\"ListItem\",\"position\":1,\"name\":\"Home\",\"item\":\"https:\/\/interel-trading.eu\/de\/\"},{\"@type\":\"ListItem\",\"position\":2,\"name\":\"DOWNLOADS &#8211; HOSPITALITY\"}]},{\"@type\":\"WebSite\",\"@id\":\"https:\/\/interel-trading.eu\/#website\",\"url\":\"https:\/\/interel-trading.eu\/\",\"name\":\"Interel-Trading\",\"description\":\"Industry &amp; Building Automation \u2022 Hospitality\",\"publisher\":{\"@id\":\"https:\/\/interel-trading.eu\/#organization\"},\"potentialAction\":[{\"@type\":\"SearchAction\",\"target\":{\"@type\":\"EntryPoint\",\"urlTemplate\":\"https:\/\/interel-trading.eu\/?s={search_term_string}\"},\"query-input\":{\"@type\":\"PropertyValueSpecification\",\"valueRequired\":true,\"valueName\":\"search_term_string\"}}],\"inLanguage\":\"de\"},{\"@type\":\"Organization\",\"@id\":\"https:\/\/interel-trading.eu\/#organization\",\"name\":\"Interel-Trading Building & Industry Automation Products\",\"url\":\"https:\/\/interel-trading.eu\/\",\"logo\":{\"@type\":\"ImageObject\",\"inLanguage\":\"de\",\"@id\":\"https:\/\/interel-trading.eu\/#\/schema\/logo\/image\/\",\"url\":\"https:\/\/interel-trading.eu\/wp-content\/uploads\/2022\/12\/INTEREL_Logo_cmyk_color_R.png\",\"contentUrl\":\"https:\/\/interel-trading.eu\/wp-content\/uploads\/2022\/12\/INTEREL_Logo_cmyk_color_R.png\",\"width\":608,\"height\":153,\"caption\":\"Interel-Trading Building & Industry Automation Products\"},\"image\":{\"@id\":\"https:\/\/interel-trading.eu\/#\/schema\/logo\/image\/\"}}]}<\/script>\n<!-- \/ Yoast SEO plugin. -->","yoast_head_json":{"title":"DOWNLOADS - HOSPITALITY - INTEREL TRADING","robots":{"index":"index","follow":"follow","max-snippet":"max-snippet:-1","max-image-preview":"max-image-preview:large","max-video-preview":"max-video-preview:-1"},"canonical":"https:\/\/interel-trading.eu\/downloads-hospitality\/","og_locale":"de_DE","og_type":"article","og_title":"DOWNLOADS - HOSPITALITY - INTEREL TRADING","og_description":"BEDRIJF INDUSTRY AUTOMATION BUILDING AUTOMATION HOSPITALITY Downloads Technisches Material Sie k\u00f6nnen hier technische Datenbl\u00e4tter, Handb\u00fccher und Produktkataloge herunterladen. Hospitality Hotel and Residence Automation Brochure Hotel and Residence Automation \u2794 Brochure Hotel and Residence Automation Restyle-Installationen \u2794 Restyle-Installationen EOS \u2794 Brochure EOS \u2794 Elektrische Verbindungen Redaktionelle Artikel Produkte und Neuigkeiten aus der Welt der HOSPITALITY Hier [&hellip;]","og_url":"https:\/\/interel-trading.eu\/downloads-hospitality\/","og_site_name":"INTEREL TRADING","article_modified_time":"2025-01-14T13:57:52+00:00","twitter_card":"summary_large_image","twitter_misc":{"Gesch\u00e4tzte Lesezeit":"3\u00a0Minuten"},"schema":{"@context":"https:\/\/schema.org","@graph":[{"@type":"WebPage","@id":"https:\/\/interel-trading.eu\/downloads-hospitality\/","url":"https:\/\/interel-trading.eu\/downloads-hospitality\/","name":"DOWNLOADS - HOSPITALITY - INTEREL TRADING","isPartOf":{"@id":"https:\/\/interel-trading.eu\/#website"},"datePublished":"2023-09-04T10:16:50+00:00","dateModified":"2025-01-14T13:57:52+00:00","breadcrumb":{"@id":"https:\/\/interel-trading.eu\/downloads-hospitality\/#breadcrumb"},"inLanguage":"de","potentialAction":[{"@type":"ReadAction","target":["https:\/\/interel-trading.eu\/downloads-hospitality\/"]}]},{"@type":"BreadcrumbList","@id":"https:\/\/interel-trading.eu\/downloads-hospitality\/#breadcrumb","itemListElement":[{"@type":"ListItem","position":1,"name":"Home","item":"https:\/\/interel-trading.eu\/de\/"},{"@type":"ListItem","position":2,"name":"DOWNLOADS &#8211; HOSPITALITY"}]},{"@type":"WebSite","@id":"https:\/\/interel-trading.eu\/#website","url":"https:\/\/interel-trading.eu\/","name":"Interel-Trading","description":"Industry &amp; Building Automation \u2022 Hospitality","publisher":{"@id":"https:\/\/interel-trading.eu\/#organization"},"potentialAction":[{"@type":"SearchAction","target":{"@type":"EntryPoint","urlTemplate":"https:\/\/interel-trading.eu\/?s={search_term_string}"},"query-input":{"@type":"PropertyValueSpecification","valueRequired":true,"valueName":"search_term_string"}}],"inLanguage":"de"},{"@type":"Organization","@id":"https:\/\/interel-trading.eu\/#organization","name":"Interel-Trading Building & Industry Automation Products","url":"https:\/\/interel-trading.eu\/","logo":{"@type":"ImageObject","inLanguage":"de","@id":"https:\/\/interel-trading.eu\/#\/schema\/logo\/image\/","url":"https:\/\/interel-trading.eu\/wp-content\/uploads\/2022\/12\/INTEREL_Logo_cmyk_color_R.png","contentUrl":"https:\/\/interel-trading.eu\/wp-content\/uploads\/2022\/12\/INTEREL_Logo_cmyk_color_R.png","width":608,"height":153,"caption":"Interel-Trading Building & Industry Automation Products"},"image":{"@id":"https:\/\/interel-trading.eu\/#\/schema\/logo\/image\/"}}]}},"_links":{"self":[{"href":"https:\/\/interel-trading.eu\/de\/wp-json\/wp\/v2\/pages\/13385","targetHints":{"allow":["GET"]}}],"collection":[{"href":"https:\/\/interel-trading.eu\/de\/wp-json\/wp\/v2\/pages"}],"about":[{"href":"https:\/\/interel-trading.eu\/de\/wp-json\/wp\/v2\/types\/page"}],"author":[{"embeddable":true,"href":"https:\/\/interel-trading.eu\/de\/wp-json\/wp\/v2\/users\/1"}],"replies":[{"embeddable":true,"href":"https:\/\/interel-trading.eu\/de\/wp-json\/wp\/v2\/comments?post=13385"}],"version-history":[{"count":0,"href":"https:\/\/interel-trading.eu\/de\/wp-json\/wp\/v2\/pages\/13385\/revisions"}],"wp:attachment":[{"href":"https:\/\/interel-trading.eu\/de\/wp-json\/wp\/v2\/media?parent=13385"}],"curies":[{"name":"wp","href":"https:\/\/api.w.org\/{rel}","templated":true}]}}