{"id":13514,"date":"2023-09-14T10:11:15","date_gmt":"2023-09-14T10:11:15","guid":{"rendered":"https:\/\/interel-trading.eu\/terms-of-use\/"},"modified":"2023-09-14T10:11:17","modified_gmt":"2023-09-14T10:11:17","slug":"terms-of-use","status":"publish","type":"page","link":"https:\/\/interel-trading.eu\/de\/terms-of-use\/","title":{"rendered":"Terms of use"},"content":{"rendered":"\t\t<div data-elementor-type=\"wp-page\" data-elementor-id=\"13514\" class=\"elementor elementor-13514 elementor-10564\" data-elementor-post-type=\"page\">\n\t\t\t\t\t\t<section class=\"elementor-section elementor-top-section elementor-element elementor-element-c31512f elementor-section-full_width no-spacing elementor-hidden-tablet elementor-hidden-mobile elementor-section-height-default elementor-section-height-default\" data-id=\"c31512f\" data-element_type=\"section\" data-e-type=\"section\">\n\t\t\t\t\t\t<div class=\"elementor-container elementor-column-gap-default\">\n\t\t\t\t\t<div class=\"elementor-column elementor-col-25 elementor-top-column elementor-element elementor-element-ffa97bc\" data-id=\"ffa97bc\" data-element_type=\"column\" data-e-type=\"column\" data-settings=\"{&quot;background_background&quot;:&quot;classic&quot;}\">\n\t\t\t<div class=\"elementor-widget-wrap elementor-element-populated\">\n\t\t\t\t\t\t<div class=\"elementor-element elementor-element-2af7d82 elementor-align-center elementor-icon-list--layout-traditional elementor-list-item-link-full_width elementor-widget elementor-widget-icon-list\" data-id=\"2af7d82\" data-element_type=\"widget\" data-e-type=\"widget\" data-widget_type=\"icon-list.default\">\n\t\t\t\t<div class=\"elementor-widget-container\">\n\t\t\t\t\t\t\t<ul class=\"elementor-icon-list-items\">\n\t\t\t\t\t\t\t<li class=\"elementor-icon-list-item\">\n\t\t\t\t\t\t\t\t\t\t\t<a href=\"https:\/\/interel-trading.eu\/azienda\/\">\n\n\t\t\t\t\t\t\t\t\t\t\t<span class=\"elementor-icon-list-text\">COMPANY<\/span>\n\t\t\t\t\t\t\t\t\t\t\t<\/a>\n\t\t\t\t\t\t\t\t\t<\/li>\n\t\t\t\t\t\t<\/ul>\n\t\t\t\t\t\t<\/div>\n\t\t\t\t<\/div>\n\t\t\t\t\t<\/div>\n\t\t<\/div>\n\t\t\t\t<div class=\"elementor-column elementor-col-25 elementor-top-column elementor-element elementor-element-2066ede\" data-id=\"2066ede\" data-element_type=\"column\" data-e-type=\"column\" data-settings=\"{&quot;background_background&quot;:&quot;classic&quot;}\">\n\t\t\t<div class=\"elementor-widget-wrap elementor-element-populated\">\n\t\t\t\t\t\t<div class=\"elementor-element elementor-element-b0cb077 elementor-align-center elementor-icon-list--layout-traditional elementor-list-item-link-full_width elementor-widget elementor-widget-icon-list\" data-id=\"b0cb077\" data-element_type=\"widget\" data-e-type=\"widget\" data-widget_type=\"icon-list.default\">\n\t\t\t\t<div class=\"elementor-widget-container\">\n\t\t\t\t\t\t\t<ul class=\"elementor-icon-list-items\">\n\t\t\t\t\t\t\t<li class=\"elementor-icon-list-item\">\n\t\t\t\t\t\t\t\t\t\t\t<a href=\"https:\/\/interel-trading.eu\/industry-automation\/\">\n\n\t\t\t\t\t\t\t\t\t\t\t<span class=\"elementor-icon-list-text\">INDUSTRY AUTOMATION<\/span>\n\t\t\t\t\t\t\t\t\t\t\t<\/a>\n\t\t\t\t\t\t\t\t\t<\/li>\n\t\t\t\t\t\t<\/ul>\n\t\t\t\t\t\t<\/div>\n\t\t\t\t<\/div>\n\t\t\t\t\t<\/div>\n\t\t<\/div>\n\t\t\t\t<div class=\"elementor-column elementor-col-25 elementor-top-column elementor-element elementor-element-be55e85\" data-id=\"be55e85\" data-element_type=\"column\" data-e-type=\"column\" data-settings=\"{&quot;background_background&quot;:&quot;classic&quot;}\">\n\t\t\t<div class=\"elementor-widget-wrap elementor-element-populated\">\n\t\t\t\t\t<div class=\"elementor-background-overlay\"><\/div>\n\t\t\t\t\t\t<div class=\"elementor-element elementor-element-3ea57a6 elementor-align-center elementor-icon-list--layout-traditional elementor-list-item-link-full_width elementor-widget elementor-widget-icon-list\" data-id=\"3ea57a6\" data-element_type=\"widget\" data-e-type=\"widget\" data-widget_type=\"icon-list.default\">\n\t\t\t\t<div class=\"elementor-widget-container\">\n\t\t\t\t\t\t\t<ul class=\"elementor-icon-list-items\">\n\t\t\t\t\t\t\t<li class=\"elementor-icon-list-item\">\n\t\t\t\t\t\t\t\t\t\t\t<a href=\"https:\/\/interel-trading.eu\/building-automation\/\">\n\n\t\t\t\t\t\t\t\t\t\t\t<span class=\"elementor-icon-list-text\">BUILDING AUTOMATION<\/span>\n\t\t\t\t\t\t\t\t\t\t\t<\/a>\n\t\t\t\t\t\t\t\t\t<\/li>\n\t\t\t\t\t\t<\/ul>\n\t\t\t\t\t\t<\/div>\n\t\t\t\t<\/div>\n\t\t\t\t\t<\/div>\n\t\t<\/div>\n\t\t\t\t<div class=\"elementor-column elementor-col-25 elementor-top-column elementor-element elementor-element-032ff70\" data-id=\"032ff70\" data-element_type=\"column\" data-e-type=\"column\" data-settings=\"{&quot;background_background&quot;:&quot;classic&quot;}\">\n\t\t\t<div class=\"elementor-widget-wrap elementor-element-populated\">\n\t\t\t\t\t\t<div class=\"elementor-element elementor-element-67a932b elementor-align-center elementor-icon-list--layout-traditional elementor-list-item-link-full_width elementor-widget elementor-widget-icon-list\" data-id=\"67a932b\" data-element_type=\"widget\" data-e-type=\"widget\" data-widget_type=\"icon-list.default\">\n\t\t\t\t<div class=\"elementor-widget-container\">\n\t\t\t\t\t\t\t<ul class=\"elementor-icon-list-items\">\n\t\t\t\t\t\t\t<li class=\"elementor-icon-list-item\">\n\t\t\t\t\t\t\t\t\t\t\t<a href=\"https:\/\/interel-trading.eu\/hospitality\/\">\n\n\t\t\t\t\t\t\t\t\t\t\t<span class=\"elementor-icon-list-text\">HOSPITALITY<\/span>\n\t\t\t\t\t\t\t\t\t\t\t<\/a>\n\t\t\t\t\t\t\t\t\t<\/li>\n\t\t\t\t\t\t<\/ul>\n\t\t\t\t\t\t<\/div>\n\t\t\t\t<\/div>\n\t\t\t\t\t<\/div>\n\t\t<\/div>\n\t\t\t\t\t<\/div>\n\t\t<\/section>\n\t\t\t\t<section class=\"elementor-section elementor-top-section elementor-element elementor-element-5d69e77 elementor-section-boxed elementor-section-height-default elementor-section-height-default\" data-id=\"5d69e77\" data-element_type=\"section\" data-e-type=\"section\">\n\t\t\t\t\t\t<div class=\"elementor-container elementor-column-gap-default\">\n\t\t\t\t\t<div class=\"elementor-column elementor-col-100 elementor-top-column elementor-element elementor-element-6f20a39\" data-id=\"6f20a39\" data-element_type=\"column\" data-e-type=\"column\">\n\t\t\t<div class=\"elementor-widget-wrap elementor-element-populated\">\n\t\t\t\t\t\t<div class=\"elementor-element elementor-element-4f191ef elementor-widget elementor-widget-text-editor\" data-id=\"4f191ef\" data-element_type=\"widget\" data-e-type=\"widget\" data-widget_type=\"text-editor.default\">\n\t\t\t\t<div class=\"elementor-widget-container\">\n\t\t\t\t\t\t\t\t\t<h2 class=\"fusion-responsive-typography-calculated\" data-fontsize=\"60\" data-lineheight=\"79.8px\">Nutzungsbedingungen<\/h2>\n<p><span lang=\"IT\">Dieses Dokument enth\u00e4lt die rechtlichen Bedingungen f\u00fcr den Zugriff auf die Website www.interel-trading.eu und deren Nutzung. Durch den Zugriff auf die Website, ihre Nutzung oder die darin enthaltenen Materialien erkl\u00e4ren Sie sich mit der Einhaltung der nachstehenden rechtlichen Bedingungen einverstanden.<\/span><\/p>\n<p><strong><span lang=\"IT\">1. Eigentum an der Website<\/span><\/strong><span lang=\"IT\"><br \/>Diese Website ist Eigentum der INTEREL TRADING Srl, mit Sitz in Pillhof 51 &#8211; I-39057 Appiani (BZ) &#8211; ITALIEN, MwSt.-Nr. 01141660215.<\/span><\/p>\n<p><strong><span lang=\"IT\">2. Urheberrecht und Warenzeichenrecht<\/span><\/strong><span lang=\"IT\"><br \/>Diese Website ist durch das Urheberrecht als einzelnes, zusammengesetztes und\/oder kollektives Werk im Sinne des italienischen Rechts und des Rechts der Europ\u00e4ischen Union zum Urheberrecht, internationaler Abkommen und anderer Gesetze zum Urheberrecht gesch\u00fctzt. Jegliche unbefugte Nutzung des auf der Website enthaltenen Materials ist strengstens untersagt. Die Website kann Dokumente, Bilder, Software, Informationen und andere Materialien enthalten, die im Besitz Dritter sind, wie Fotografien, Werbung, Filmclips und Musik. Jegliche unbefugte Verwendung der auf der Website enthaltenen Materialien ist ausdr\u00fccklich untersagt, es sei denn, es wurde zuvor schriftliche Zustimmung vom Eigent\u00fcmer der betreffenden Materialien eingeholt. Alle Rechte vorbehalten.<\/span><\/p>\n<p><strong><span lang=\"IT\">3. Nutzung und Zugang zur Website<\/span><\/strong><span lang=\"IT\"><br \/>Die Inhalte und Materialien auf der Website sind ausschlie\u00dflich f\u00fcr den pers\u00f6nlichen und nichtkommerziellen Gebrauch bestimmt. Der Benutzer darf Inhalte und andere herunterladbare Materialien, die auf dieser Website angezeigt werden, nur f\u00fcr seinen pers\u00f6nlichen, nicht kommerziellen Gebrauch herunterladen oder kopieren, vorausgesetzt, dass er anerkennt, dass die urheberrechtlich gesch\u00fctzten Materialien darin gesch\u00fctzt sind und dass der Benutzer sich verpflichtet, alle Urheberrechte und anderen Rechte auf dieser Website zu respektieren. Das Kopieren oder Speichern von Inhalten f\u00fcr Zwecke, die nicht pers\u00f6nlicher und nicht kommerzieller Natur sind, ist strengstens untersagt, es sei denn, es wurde zuvor die schriftliche Zustimmung von INTEREL TRADING Srl eingeholt. INTEREL TRADING Srl kann jederzeit alle oder einen Teil der Funktionen der Website, einschlie\u00dflich der Verf\u00fcgbarkeit der gesamten Website oder eines Teils der Website, der Funktionen und der Datenbank der Website, \u00e4ndern, stornieren oder aussetzen. INTEREL TRADING Srl kann auch Fehler oder Auslassungen in einem beliebigen Teil der Website korrigieren, Beschr\u00e4nkungen f\u00fcr bestimmte Funktionen und Dienste auferlegen oder den Zugang der Benutzer zu Teilen oder zur gesamten Website ohne vorherige Benachrichtigung und ohne diesbez\u00fcgliche Haftung einschr\u00e4nken.<\/span><\/p>\n<p><strong><span lang=\"IT\">4. Gew\u00e4hrleistungsausschluss und Haftungsbeschr\u00e4nkung<\/span><\/strong><span lang=\"IT\"><br \/>Sie erkennen an, dass Sie die Website auf Ihr eigenes Risiko nutzen. Der Dienst wird wie er ist bereitgestellt, und INTEREL TRADING Srl schlie\u00dft ausdr\u00fccklich jegliche Garantien, sowohl ausdr\u00fcckliche als auch stillschweigende, einschlie\u00dflich, aber nicht beschr\u00e4nkt auf Garantien hinsichtlich Genauigkeit, Zuverl\u00e4ssigkeit, Eigentumsrecht, Nichtverletzung, Eignung f\u00fcr einen bestimmten Zweck oder sonstiger Garantien, Bedingungen, Versicherungen oder Erkl\u00e4rungen in jeglicher Form, sei es m\u00fcndlich, schriftlich oder elektronisch, einschlie\u00dflich, aber nicht beschr\u00e4nkt auf jede Garantie bez\u00fcglich der Richtigkeit oder Vollst\u00e4ndigkeit von Informationen, die auf der Website enthalten sind oder von der Website bereitgestellt werden. INTEREL TRADING Srl gibt keine Erkl\u00e4rungen ab und gibt keine Garantien daf\u00fcr ab, dass der Zugang zur Website nicht unterbrochen wird oder dass die Website keine St\u00f6rungen, Fehler oder Auslassungen enth\u00e4lt oder dass keine Verluste von \u00fcbertragenen Informationen auftreten oder dass keine Viren auf die Website \u00fcbertragen werden. INTEREL TRADING Srl wird nicht haftbar gemacht gegen\u00fcber den Benutzern der Website oder Dritten f\u00fcr etwaige direkte, indirekte, besondere, Folge- oder Strafsch\u00e4den, die angeblich auf den Zugang oder die Unm\u00f6glichkeit des Zugangs zur Website zur\u00fcckzuf\u00fchren sind, einschlie\u00dflich des angeblichen Empfangs von Viren von der Website, der Nutzung oder des Vertrauens auf die Website oder auf eine der auf der Website verf\u00fcgbaren Informationen oder Materialien.<\/span><\/p>\n<p><strong><span lang=\"IT\">5. Geltende Gesetze und Gerichtsbarkeit<\/span><\/strong><span lang=\"IT\"><br \/>Der Benutzer erkennt an und stimmt zu, dass alle Streitigkeiten, die sich aus dem Zugang und\/oder der Nutzung der Website ergeben sollten, den italienischen Gesetzen unterliegen und der ausschlie\u00dflichen Gerichtsbarkeit eines italienischen Gerichts unterliegen.<\/span><\/p>\n<p><strong><span lang=\"IT\">6. \u00c4nderungen<\/span><\/strong><span lang=\"IT\"><br \/>Die oben genannten Regeln k\u00f6nnen von INTEREL TRADING Srl von Zeit zu Zeit ge\u00e4ndert werden; Mitteilungen \u00fcber eventuelle \u00c4nderungen dieser Regeln werden auf dieser Seite ver\u00f6ffentlicht. Die fortgesetzte Nutzung der Website durch den Benutzer bedeutet, dass er diese \u00c4nderungen oder \u00dcberarbeitungen der vorliegenden Regeln akzeptiert; daher empfiehlt INTEREL TRADING Srl dem Benutzer, diese Seite regelm\u00e4\u00dfig zu besuchen<\/span><\/p>\n\t\t\t\t\t\t\t\t<\/div>\n\t\t\t\t<\/div>\n\t\t\t\t\t<\/div>\n\t\t<\/div>\n\t\t\t\t\t<\/div>\n\t\t<\/section>\n\t\t\t\t<\/div>\n\t\t","protected":false},"excerpt":{"rendered":"<p>COMPANY INDUSTRY AUTOMATION BUILDING AUTOMATION HOSPITALITY Nutzungsbedingungen Dieses Dokument enth\u00e4lt die rechtlichen Bedingungen f\u00fcr den Zugriff auf die Website www.interel-trading.eu und deren Nutzung. Durch den Zugriff auf die Website, ihre Nutzung oder die darin enthaltenen Materialien erkl\u00e4ren Sie sich mit der Einhaltung der nachstehenden rechtlichen Bedingungen einverstanden. 1. Eigentum an der WebsiteDiese Website ist Eigentum [&hellip;]<\/p>\n","protected":false},"author":1,"featured_media":0,"parent":0,"menu_order":0,"comment_status":"closed","ping_status":"closed","template":"","meta":{"footnotes":""},"class_list":["post-13514","page","type-page","status-publish","hentry"],"yoast_head":"<!-- This site is optimized with the Yoast SEO plugin v27.2 - https:\/\/yoast.com\/product\/yoast-seo-wordpress\/ -->\n<title>Terms of use - INTEREL TRADING<\/title>\n<meta name=\"robots\" content=\"index, follow, max-snippet:-1, max-image-preview:large, max-video-preview:-1\" \/>\n<link rel=\"canonical\" href=\"https:\/\/interel-trading.eu\/terms-of-use\/\" \/>\n<meta property=\"og:locale\" content=\"de_DE\" \/>\n<meta property=\"og:type\" content=\"article\" \/>\n<meta property=\"og:title\" content=\"Terms of use - INTEREL TRADING\" \/>\n<meta property=\"og:description\" content=\"COMPANY INDUSTRY AUTOMATION BUILDING AUTOMATION HOSPITALITY Nutzungsbedingungen Dieses Dokument enth\u00e4lt die rechtlichen Bedingungen f\u00fcr den Zugriff auf die Website www.interel-trading.eu und deren Nutzung. Durch den Zugriff auf die Website, ihre Nutzung oder die darin enthaltenen Materialien erkl\u00e4ren Sie sich mit der Einhaltung der nachstehenden rechtlichen Bedingungen einverstanden. 1. Eigentum an der WebsiteDiese Website ist Eigentum [&hellip;]\" \/>\n<meta property=\"og:url\" content=\"https:\/\/interel-trading.eu\/terms-of-use\/\" \/>\n<meta property=\"og:site_name\" content=\"INTEREL TRADING\" \/>\n<meta property=\"article:modified_time\" content=\"2023-09-14T10:11:17+00:00\" \/>\n<meta name=\"twitter:card\" content=\"summary_large_image\" \/>\n<meta name=\"twitter:label1\" content=\"Gesch\u00e4tzte Lesezeit\" \/>\n\t<meta name=\"twitter:data1\" content=\"4\u00a0Minuten\" \/>\n<script type=\"application\/ld+json\" class=\"yoast-schema-graph\">{\"@context\":\"https:\/\/schema.org\",\"@graph\":[{\"@type\":\"WebPage\",\"@id\":\"https:\/\/interel-trading.eu\/terms-of-use\/\",\"url\":\"https:\/\/interel-trading.eu\/terms-of-use\/\",\"name\":\"Terms of use - INTEREL TRADING\",\"isPartOf\":{\"@id\":\"https:\/\/interel-trading.eu\/#website\"},\"datePublished\":\"2023-09-14T10:11:15+00:00\",\"dateModified\":\"2023-09-14T10:11:17+00:00\",\"breadcrumb\":{\"@id\":\"https:\/\/interel-trading.eu\/terms-of-use\/#breadcrumb\"},\"inLanguage\":\"de\",\"potentialAction\":[{\"@type\":\"ReadAction\",\"target\":[\"https:\/\/interel-trading.eu\/terms-of-use\/\"]}]},{\"@type\":\"BreadcrumbList\",\"@id\":\"https:\/\/interel-trading.eu\/terms-of-use\/#breadcrumb\",\"itemListElement\":[{\"@type\":\"ListItem\",\"position\":1,\"name\":\"Home\",\"item\":\"https:\/\/interel-trading.eu\/de\/\"},{\"@type\":\"ListItem\",\"position\":2,\"name\":\"Terms of use\"}]},{\"@type\":\"WebSite\",\"@id\":\"https:\/\/interel-trading.eu\/#website\",\"url\":\"https:\/\/interel-trading.eu\/\",\"name\":\"Interel-Trading\",\"description\":\"Industry &amp; Building Automation \u2022 Hospitality\",\"publisher\":{\"@id\":\"https:\/\/interel-trading.eu\/#organization\"},\"potentialAction\":[{\"@type\":\"SearchAction\",\"target\":{\"@type\":\"EntryPoint\",\"urlTemplate\":\"https:\/\/interel-trading.eu\/?s={search_term_string}\"},\"query-input\":{\"@type\":\"PropertyValueSpecification\",\"valueRequired\":true,\"valueName\":\"search_term_string\"}}],\"inLanguage\":\"de\"},{\"@type\":\"Organization\",\"@id\":\"https:\/\/interel-trading.eu\/#organization\",\"name\":\"Interel-Trading Building & Industry Automation Products\",\"url\":\"https:\/\/interel-trading.eu\/\",\"logo\":{\"@type\":\"ImageObject\",\"inLanguage\":\"de\",\"@id\":\"https:\/\/interel-trading.eu\/#\/schema\/logo\/image\/\",\"url\":\"https:\/\/interel-trading.eu\/wp-content\/uploads\/2022\/12\/INTEREL_Logo_cmyk_color_R.png\",\"contentUrl\":\"https:\/\/interel-trading.eu\/wp-content\/uploads\/2022\/12\/INTEREL_Logo_cmyk_color_R.png\",\"width\":608,\"height\":153,\"caption\":\"Interel-Trading Building & Industry Automation Products\"},\"image\":{\"@id\":\"https:\/\/interel-trading.eu\/#\/schema\/logo\/image\/\"}}]}<\/script>\n<!-- \/ Yoast SEO plugin. -->","yoast_head_json":{"title":"Terms of use - INTEREL TRADING","robots":{"index":"index","follow":"follow","max-snippet":"max-snippet:-1","max-image-preview":"max-image-preview:large","max-video-preview":"max-video-preview:-1"},"canonical":"https:\/\/interel-trading.eu\/terms-of-use\/","og_locale":"de_DE","og_type":"article","og_title":"Terms of use - INTEREL TRADING","og_description":"COMPANY INDUSTRY AUTOMATION BUILDING AUTOMATION HOSPITALITY Nutzungsbedingungen Dieses Dokument enth\u00e4lt die rechtlichen Bedingungen f\u00fcr den Zugriff auf die Website www.interel-trading.eu und deren Nutzung. Durch den Zugriff auf die Website, ihre Nutzung oder die darin enthaltenen Materialien erkl\u00e4ren Sie sich mit der Einhaltung der nachstehenden rechtlichen Bedingungen einverstanden. 1. Eigentum an der WebsiteDiese Website ist Eigentum [&hellip;]","og_url":"https:\/\/interel-trading.eu\/terms-of-use\/","og_site_name":"INTEREL TRADING","article_modified_time":"2023-09-14T10:11:17+00:00","twitter_card":"summary_large_image","twitter_misc":{"Gesch\u00e4tzte Lesezeit":"4\u00a0Minuten"},"schema":{"@context":"https:\/\/schema.org","@graph":[{"@type":"WebPage","@id":"https:\/\/interel-trading.eu\/terms-of-use\/","url":"https:\/\/interel-trading.eu\/terms-of-use\/","name":"Terms of use - INTEREL TRADING","isPartOf":{"@id":"https:\/\/interel-trading.eu\/#website"},"datePublished":"2023-09-14T10:11:15+00:00","dateModified":"2023-09-14T10:11:17+00:00","breadcrumb":{"@id":"https:\/\/interel-trading.eu\/terms-of-use\/#breadcrumb"},"inLanguage":"de","potentialAction":[{"@type":"ReadAction","target":["https:\/\/interel-trading.eu\/terms-of-use\/"]}]},{"@type":"BreadcrumbList","@id":"https:\/\/interel-trading.eu\/terms-of-use\/#breadcrumb","itemListElement":[{"@type":"ListItem","position":1,"name":"Home","item":"https:\/\/interel-trading.eu\/de\/"},{"@type":"ListItem","position":2,"name":"Terms of use"}]},{"@type":"WebSite","@id":"https:\/\/interel-trading.eu\/#website","url":"https:\/\/interel-trading.eu\/","name":"Interel-Trading","description":"Industry &amp; Building Automation \u2022 Hospitality","publisher":{"@id":"https:\/\/interel-trading.eu\/#organization"},"potentialAction":[{"@type":"SearchAction","target":{"@type":"EntryPoint","urlTemplate":"https:\/\/interel-trading.eu\/?s={search_term_string}"},"query-input":{"@type":"PropertyValueSpecification","valueRequired":true,"valueName":"search_term_string"}}],"inLanguage":"de"},{"@type":"Organization","@id":"https:\/\/interel-trading.eu\/#organization","name":"Interel-Trading Building & Industry Automation Products","url":"https:\/\/interel-trading.eu\/","logo":{"@type":"ImageObject","inLanguage":"de","@id":"https:\/\/interel-trading.eu\/#\/schema\/logo\/image\/","url":"https:\/\/interel-trading.eu\/wp-content\/uploads\/2022\/12\/INTEREL_Logo_cmyk_color_R.png","contentUrl":"https:\/\/interel-trading.eu\/wp-content\/uploads\/2022\/12\/INTEREL_Logo_cmyk_color_R.png","width":608,"height":153,"caption":"Interel-Trading Building & Industry Automation Products"},"image":{"@id":"https:\/\/interel-trading.eu\/#\/schema\/logo\/image\/"}}]}},"_links":{"self":[{"href":"https:\/\/interel-trading.eu\/de\/wp-json\/wp\/v2\/pages\/13514","targetHints":{"allow":["GET"]}}],"collection":[{"href":"https:\/\/interel-trading.eu\/de\/wp-json\/wp\/v2\/pages"}],"about":[{"href":"https:\/\/interel-trading.eu\/de\/wp-json\/wp\/v2\/types\/page"}],"author":[{"embeddable":true,"href":"https:\/\/interel-trading.eu\/de\/wp-json\/wp\/v2\/users\/1"}],"replies":[{"embeddable":true,"href":"https:\/\/interel-trading.eu\/de\/wp-json\/wp\/v2\/comments?post=13514"}],"version-history":[{"count":0,"href":"https:\/\/interel-trading.eu\/de\/wp-json\/wp\/v2\/pages\/13514\/revisions"}],"wp:attachment":[{"href":"https:\/\/interel-trading.eu\/de\/wp-json\/wp\/v2\/media?parent=13514"}],"curies":[{"name":"wp","href":"https:\/\/api.w.org\/{rel}","templated":true}]}}